{"id":281,"date":"2025-07-15T13:15:18","date_gmt":"2025-07-15T13:15:18","guid":{"rendered":"https:\/\/www.intergard.com.br\/pt\/?page_id=281"},"modified":"2025-07-15T13:15:18","modified_gmt":"2025-07-15T13:15:18","slug":"dynamic-gold","status":"publish","type":"page","link":"https:\/\/www.intergard.com.br\/pt\/?page_id=281","title":{"rendered":"Dynamic Gold"},"content":{"rendered":"<div id=\"detalhes_produtos\">\n<div class=\"font_titulo_protudo\" id=\"titulo_produto\"><a name=\"produto\" id=\"produto\"><\/a>Dynamic Gold<\/div>\n<div id=\"detalhe_produto\">\n      <span class=\"font_titulo_produtos\">Fechadura Eletr\u00f4nica<\/span><br \/>\n                 \u2022 M\u00f3dulo l\u00f3gico Dynamic; <br \/>\n\u2022 Fechadura Swingbolt;<br \/>\n\u2022 Kit de parafuso e rebite para instala\u00e7\u00e3o;<br \/>\n\u2022 Push Button;<br \/>\n\u2022 Caixa de bateria pequena com placa de alarme;<br \/>\n\u2022 Caixa de bateria grande com placa de alarme;<br \/>\n<a href=\"http:\/\/www.intergard.com.br\/download.htm\"><img loading=\"lazy\" decoding=\"async\" src=\"lib\/img\/bt_manual.jpg\" width=\"75\" height=\"25\" border=\"0\" \/><\/a><\/p>\n<\/p><\/div>\n<div id=\"img_produto_g\"><img loading=\"lazy\" decoding=\"async\" src=\"lib\/img\/img_produto_basic_tv.jpg\" width=\"284\" height=\"255\" \/><\/div>\n<div id=\"caracteristica_produtos\">\n      <img loading=\"lazy\" decoding=\"async\" src=\"lib\/img\/titulo_caracteristicas.jpg\" width=\"678\" height=\"59\" \/><\/p>\n<p class=\"font_conteudo_produtos\">\u2022 Master, manager, at\u00e9 8 usu\u00e1rios est\u00e1ticos e usu\u00e1rio rand\u00f4mico;<br \/>\n\u2022 Usu\u00e1rios est\u00e1ticos com matr\u00edcula;<br \/>\n\u2022 Senhas rand\u00f4micas com c\u00f3digo de fechamento (sensores de porta e ferrolhos);<br \/>\n\u2022 Manager gerenciando usu\u00e1rios est\u00e1ticos;<br \/>\n\u2022 Possibilidade de dupla combina\u00e7\u00e3o;<br \/>\n\u2022 Programa\u00e7\u00e3o semanal;<br \/>\n\u2022 Programa\u00e7\u00e3o de feriados;<br \/>\n\u2022 Hor\u00e1rio de ver\u00e3o;<br \/>\n\u2022 Fechamento imediato;<br \/>\n\u2022 Tempo de retardo de 0 \u00e0 99min e tempo de janela de 0 \u00e0 19min;<br \/>\n\u2022 M\u00f3dulo l\u00f3gico com display backlight e inclina\u00e7\u00e3o de 15\u00b0;<br \/>\n\u2022 Fechadura swingbolt;<br \/>\n\u2022 Bloqueio \u00e0 dist\u00e2ncia;<br \/>\n\u2022 Sinal de alarme silencioso;<br \/>\n\u2022 Penaliza\u00e7\u00e3o por senhas erradas;<br \/>\n\u2022 Auditoria em tempo real dos \u00faltimos 1024 eventos com data e hora;<br \/>\n\u2022 Manager reset apenas desativando a fechadura do sistema rand\u00f4mico;<\/p>\n<p class=\"font_conteudo_produtos\">&nbsp;<\/p>\n<div id=\"img_produto_p\"><img loading=\"lazy\" decoding=\"async\" src=\"lib\/img\/img_p_basic_tv.jpg\" width=\"163\" height=\"163\" \/><\/div>\n<div id=\"img_produto_p\"><img loading=\"lazy\" decoding=\"async\" src=\"lib\/img\/img_p_basic_tv_2.jpg\" width=\"163\" height=\"163\" \/><\/div>\n<\/p><\/div>\n<\/p><\/div>\n","protected":false},"excerpt":{"rendered":"<p>Dynamic Gold Fechadura Eletr\u00f4nica \u2022 M\u00f3dulo l\u00f3gico Dynamic; \u2022 Fechadura Swingbolt; \u2022 Kit de parafuso e rebite para instala\u00e7\u00e3o; \u2022 Push Button; \u2022 Caixa de bateria pequena com placa de alarme; \u2022 Caixa de bateria grande com placa de alarme; &hellip; <a href=\"https:\/\/www.intergard.com.br\/pt\/?page_id=281\">Continue lendo <span class=\"meta-nav\">&rarr;<\/span><\/a><\/p>\n","protected":false},"author":1,"featured_media":0,"parent":0,"menu_order":0,"comment_status":"closed","ping_status":"closed","template":"","meta":{"footnotes":""},"class_list":["post-281","page","type-page","status-publish","hentry"],"_links":{"self":[{"href":"https:\/\/www.intergard.com.br\/pt\/index.php?rest_route=\/wp\/v2\/pages\/281","targetHints":{"allow":["GET"]}}],"collection":[{"href":"https:\/\/www.intergard.com.br\/pt\/index.php?rest_route=\/wp\/v2\/pages"}],"about":[{"href":"https:\/\/www.intergard.com.br\/pt\/index.php?rest_route=\/wp\/v2\/types\/page"}],"author":[{"embeddable":true,"href":"https:\/\/www.intergard.com.br\/pt\/index.php?rest_route=\/wp\/v2\/users\/1"}],"replies":[{"embeddable":true,"href":"https:\/\/www.intergard.com.br\/pt\/index.php?rest_route=%2Fwp%2Fv2%2Fcomments&post=281"}],"version-history":[{"count":1,"href":"https:\/\/www.intergard.com.br\/pt\/index.php?rest_route=\/wp\/v2\/pages\/281\/revisions"}],"predecessor-version":[{"id":282,"href":"https:\/\/www.intergard.com.br\/pt\/index.php?rest_route=\/wp\/v2\/pages\/281\/revisions\/282"}],"wp:attachment":[{"href":"https:\/\/www.intergard.com.br\/pt\/index.php?rest_route=%2Fwp%2Fv2%2Fmedia&parent=281"}],"curies":[{"name":"wp","href":"https:\/\/api.w.org\/{rel}","templated":true}]}}