{"id":285,"date":"2025-07-15T13:51:54","date_gmt":"2025-07-15T13:51:54","guid":{"rendered":"https:\/\/www.intergard.com.br\/pt\/?page_id=285"},"modified":"2025-07-15T13:51:54","modified_gmt":"2025-07-15T13:51:54","slug":"dynamic-connect-full","status":"publish","type":"page","link":"https:\/\/www.intergard.com.br\/pt\/?page_id=285","title":{"rendered":"Dynamic Connect Full"},"content":{"rendered":"<div id=\"detalhes_produtos\">\n<div class=\"font_titulo_protudo\" id=\"titulo_produto\"><a name=\"produto\" id=\"produto\"><\/a>Dynamic Full Connect<\/div>\n<div id=\"detalhe_produto\">\n      <span class=\"font_titulo_produtos\">Fechadura Eletr\u00f4nica de Senha Rand\u00f4mica<\/span><br \/>\n<span class=\"font_titulo_produtos\">Monitoramento Remoto TCP\/IP<\/span><br \/>\n                 \u2022 M\u00f3dulo Dynamic com Bio e NFC<br \/>\n\u2022 Fechadura Swingbolt ou Deadbolt<br \/>\n\u2022 Cart\u00f5es NFC<br \/>\n\u2022 Placa Conectividade Tora-dex TCP\/IP<br \/>\n\u2022 Fonte de Energia Estabili-zada com Mini Nobreak<br \/>\n<a href=\"http:\/\/www.intergard.com.br\/download.htm\"><img loading=\"lazy\" decoding=\"async\" src=\"lib\/img\/bt_manual.jpg\" width=\"75\" height=\"25\" border=\"0\" \/><\/a><\/p>\n<\/p><\/div>\n<div id=\"img_produto_g\"><img loading=\"lazy\" decoding=\"async\" src=\"http:\/\/www.intergard.com.br\/pt\/wp-content\/uploads\/2025\/07\/dynamicconnect.jpg\" width=\"284\" height=\"255\" \/><\/div>\n<div id=\"caracteristica_produtos\">\n      <img loading=\"lazy\" decoding=\"async\" src=\"lib\/img\/titulo_caracteristicas.jpg\" width=\"678\" height=\"59\" \/><\/p>\n<p class=\"font_conteudo_produtos\">\u2022  Acessos com senhas est\u00e1ticas efetuados atrav\u00e9s de id, senha, nfc e biometria;<br \/>\n\u2022  At\u00e9 3 usu\u00e1rios com n\u00edvel 1\u2014administrativo;<br \/>\n\u2022  At\u00e9 10 usu\u00e1rios com n\u00edvel 2\u2014operacional;<br \/>\n\u2022  Usu\u00e1rio de n\u00edvel 1 gerenciando usu\u00e1rios (cadastra\/deleta\/bloqueia\/reabilita usu\u00e1rio\/tipo de abertura);<br \/>\n\u2022  Usu\u00e1rios est\u00e1ticos com matr\u00edcula;<br \/>\n\u2022  Usu\u00e1rio rand\u00f4mico com c\u00f3digo de fechamento (embarcando o tempo de porta\/ferrolhos abertos);<br \/>\n\u2022  6 modos de abertura;<br \/>\n\u2022  Possibilidade de dupla combina\u00e7\u00e3o;<br \/>\n\u2022  Fechamento imediato por data e hora ou por tempo;<br \/>\n\u2022  Fechamento programado com data e hora;<br \/>\n\u2022  Programa\u00e7\u00e3o semanal;<br \/>\n\u2022  Bloqueio noturno autom\u00e1tico (20.00hs \u00e0s 8.00hs \u2014configur\u00e1vel pelo usu\u00e1rio n\u00edvel 1);<br \/>\n\u2022  Sensores de porta e ferrolhos independentes;<br \/>\n\u2022  Tempo de retardo: 00-99min. E tempo de janela: 00-19min.;<br \/>\n\u2022  Alarme de porta aberta program\u00e1vel 10-60seg.;<br \/>\n\u2022  Intertravamento de portas (habilit\u00e1vel);<br \/>\n\u2022  Tempo de solenoide recuado (6seg. \/ 12Seg. \/ 18Seg.);<br \/>\n\u2022  Definir idioma (portugu\u00eas \/ ingl\u00eas \/ espanhol);<br \/>\n\u2022  Definir quantidade de fechaduras (at\u00e9 9 inteligentes);<br \/>\n\u2022  Penaliza\u00e7\u00e3o por 4 senhas equivocadas com 30minutos por usu\u00e1rio;<br \/>\n\u2022  Auditoria dos \u00faltimos 2.024 eventos;<br \/>\n\u2022  Funcionalidades remotas via placa conectividade (tcp\/ip);<\/p>\n<p><\/p>\n<p class=\"font_conteudo_produtos\">\n    <b>M\u00f3dulo Conectividade recursos:<\/b><br \/>\n\u2022 Alterar as senhas dos usu\u00e1rios de n\u00edvel 01 e 02; <br \/>\n\u2022 Inserir, excluir, bloquear e desbloquear, tipo de abertura dos usu\u00e1rios de n\u00edvel 01 e 02; <br \/>\n\u2022 Habilitar para dupla ou simples combina\u00e7\u00e3o; <br \/>\n\u2022 Realizar o bloqueio \/ desbloqueio remoto da fechadura; <br \/>\n\u2022 Inserir, alterar e verificar o tempo de retardo e janela; <br \/>\n\u2022 Inserir, alterar e verificar a programa\u00e7\u00e3o semanal; <br \/>\n\u2022 Alterar e verificar o bloqueio noturno em opera\u00e7\u00e3o na fechadura; <br \/>\n\u2022 Realizar e consultar data e hora do fechamento imediato; <br \/>\n\u2022 Realizar e consultar data e hora do fechamento programado; <br \/>\n\u2022 Realizar a ativa\u00e7\u00e3o, sincronismo de c\u00f3digo e desati-va\u00e7\u00e3o rand\u00f4mica da fechadura; <br \/>\n\u2022 Alterar e verificar o modo de abertura da fechadu-ra (1, 2, 3, 4, 5 ou 6); <br \/>\n\u2022 Auditar os \u00faltimos 500 eventos da fechadura; <br \/>\n\u2022 Alterar e verificar o tempo de solenoide aberto; <br \/>\n\u2022 Habilitar ou desabilitar o intertravamento de por-tas; <br \/>\n\u2022 Apagar o sistema rand\u00f4mico da fechadura caso es-teja ativo; <br \/>\n\u2022 Restaurar a fechadura para as configura\u00e7\u00f5es de f\u00e1brica; <br \/>\n\u2022 Realiza o monitoramento das seguintes fun\u00e7\u00f5es:<br \/>\n\u2022 Se os usu\u00e1rios de n\u00edvel 01 e n\u00edvel 02 est\u00e3o com senhas de f\u00e1brica na fechadura; <br \/>\n\u2022 Se os usu\u00e1rios de n\u00edvel 01 e n\u00edvel 02 est\u00e3o habilitados na fechadura; <br \/>\n\u2022 O status e matr\u00edculas dos usu\u00e1rios de n\u00edvel 01 e n\u00edvel 02; <br \/>\n\u2022 Data e hora constante na fechadura; <br \/>\n\u2022 Verifica se a fechadura est\u00e1 em fechamento imediato; <br \/>\n\u2022 Verifica se a fechadura est\u00e1 em bloqueio noturno; <br \/>\n\u2022 Verifica se a fechadura est\u00e1 ativada no sistema rand\u00f4mico; <br \/>\n\u2022 Verifica se a fechadura est\u00e1 em simples ou dupla combina\u00e7\u00e3o; <br \/>\n\u2022 Verifica se a fechadura est\u00e1 com a porta aberta; <br \/>\n\u2022 Verifica se a fechadura est\u00e1 com os ferrolhos abertos; <br \/>\n\u2022 Verifica se a fechadura est\u00e1 em tempo de retardo ou janela; \n<\/p>\n<\/div>\n","protected":false},"excerpt":{"rendered":"<p>Dynamic Full Connect Fechadura Eletr\u00f4nica de Senha Rand\u00f4mica Monitoramento Remoto TCP\/IP \u2022 M\u00f3dulo Dynamic com Bio e NFC \u2022 Fechadura Swingbolt ou Deadbolt \u2022 Cart\u00f5es NFC \u2022 Placa Conectividade Tora-dex TCP\/IP \u2022 Fonte de Energia Estabili-zada com Mini Nobreak \u2022 &hellip; <a href=\"https:\/\/www.intergard.com.br\/pt\/?page_id=285\">Continue lendo <span class=\"meta-nav\">&rarr;<\/span><\/a><\/p>\n","protected":false},"author":1,"featured_media":0,"parent":0,"menu_order":0,"comment_status":"closed","ping_status":"closed","template":"","meta":{"footnotes":""},"class_list":["post-285","page","type-page","status-publish","hentry"],"_links":{"self":[{"href":"https:\/\/www.intergard.com.br\/pt\/index.php?rest_route=\/wp\/v2\/pages\/285","targetHints":{"allow":["GET"]}}],"collection":[{"href":"https:\/\/www.intergard.com.br\/pt\/index.php?rest_route=\/wp\/v2\/pages"}],"about":[{"href":"https:\/\/www.intergard.com.br\/pt\/index.php?rest_route=\/wp\/v2\/types\/page"}],"author":[{"embeddable":true,"href":"https:\/\/www.intergard.com.br\/pt\/index.php?rest_route=\/wp\/v2\/users\/1"}],"replies":[{"embeddable":true,"href":"https:\/\/www.intergard.com.br\/pt\/index.php?rest_route=%2Fwp%2Fv2%2Fcomments&post=285"}],"version-history":[{"count":8,"href":"https:\/\/www.intergard.com.br\/pt\/index.php?rest_route=\/wp\/v2\/pages\/285\/revisions"}],"predecessor-version":[{"id":297,"href":"https:\/\/www.intergard.com.br\/pt\/index.php?rest_route=\/wp\/v2\/pages\/285\/revisions\/297"}],"wp:attachment":[{"href":"https:\/\/www.intergard.com.br\/pt\/index.php?rest_route=%2Fwp%2Fv2%2Fmedia&parent=285"}],"curies":[{"name":"wp","href":"https:\/\/api.w.org\/{rel}","templated":true}]}}