{"id":302,"date":"2025-07-15T17:23:43","date_gmt":"2025-07-15T17:23:43","guid":{"rendered":"https:\/\/www.intergard.com.br\/pt\/?page_id=302"},"modified":"2025-07-15T17:23:43","modified_gmt":"2025-07-15T17:23:43","slug":"cryptosmart-nfc","status":"publish","type":"page","link":"https:\/\/www.intergard.com.br\/pt\/?page_id=302","title":{"rendered":"Cryptosmart NFC"},"content":{"rendered":"<div id=\"detalhes_produtos\">\n<div class=\"font_titulo_protudo\" id=\"titulo_produto\"><a name=\"produto\" id=\"produto\"><\/a>Crypto Smart NFC<\/div>\n<div id=\"detalhe_produto\">\n      <span class=\"font_titulo_produtos\">Fechadura Eletr\u00f4nica de Senha Rand\u00f4mica<\/span><br \/>\n\u2022 M\u00f3dulo 3200 com tela E-ink;<br \/>\n\u2022 TAG NFC;<br \/>\n\u2022 Fechadura Swingbolt ou Deadbolt com Microswitch com sensor de porta e ferrolhos;<br \/>\n<a href=\"http:\/\/www.intergard.com.br\/download.htm\"><img loading=\"lazy\" decoding=\"async\" src=\"lib\/img\/bt_manual.jpg\" width=\"75\" height=\"25\" border=\"0\" \/><\/a><\/p>\n<\/p><\/div>\n<div id=\"img_produto_g\"><img loading=\"lazy\" decoding=\"async\" src=\"http:\/\/www.intergard.com.br\/pt\/wp-content\/uploads\/2025\/07\/cryptosmartnfc.jpg\" width=\"284\" height=\"255\" \/><\/div>\n<div id=\"caracteristica_produtos\">\n      <img loading=\"lazy\" decoding=\"async\" src=\"lib\/img\/titulo_caracteristicas.jpg\" width=\"678\" height=\"59\" \/><\/p>\n<p class=\"font_conteudo_produtos\">\u2022 Master, manager e 2 usu\u00e1rios est\u00e1ticos; <br \/>\n\u2022 Usu\u00e1rio rand\u00f4mico; <br \/>\n\u2022 Manager gerenciando usu\u00e1rios est\u00e1ticos (deleta, bloqueia e desbloqueia); <br \/>\n\u2022 Senhas rand\u00f4micas com c\u00f3digo de fechamento; <br \/>\n\u2022 Tempo de retardo de 1-99 minutos e janela de 1-19 minutos (se habilitado atrav\u00e9s de setup de pc); <br \/>\n\u2022 Fechamento imediato se habilitado atrav\u00e9s de setup de pc); <br \/>\n\u2022 Possibilidade de dupla combina\u00e7\u00e3o (atrav\u00e9s de programa\u00e7\u00e3o com o m\u00f3dulo pambox ou setup de pc); <br \/>\n\u2022 Sensores de porta e ferrolhos independentes; <br \/>\n\u2022 M\u00f3dulo 3200 com tela e-ink; <br \/>\n\u2022 Fechadura swingbolt ou deadbolt com possibilidade de fechadura auxiliar; <br \/>\n\u2022 Bloqueio \u00e0 dist\u00e2ncia (placa adicional); <br \/>\n\u2022 Sinal de alarme silencioso (placa adicional); <br \/>\n\u2022 Penaliza\u00e7\u00e3o por 4 senhas equivocadas por 10 minutos; <br \/>\n\u2022 Auditoria em tempo real dos \u00faltimos 1.024 eventos com data e hora; <br \/>\n\u2022 Manager reset; <br \/>\n\u2022 Programa\u00e7\u00e3o da fechadura com o m\u00f3dulo pambox 10.5; \n<\/p>\n<\/div>\n","protected":false},"excerpt":{"rendered":"<p>Crypto Smart NFC Fechadura Eletr\u00f4nica de Senha Rand\u00f4mica \u2022 M\u00f3dulo 3200 com tela E-ink; \u2022 TAG NFC; \u2022 Fechadura Swingbolt ou Deadbolt com Microswitch com sensor de porta e ferrolhos; \u2022 Master, manager e 2 usu\u00e1rios est\u00e1ticos; \u2022 Usu\u00e1rio rand\u00f4mico; &hellip; <a href=\"https:\/\/www.intergard.com.br\/pt\/?page_id=302\">Continue lendo <span class=\"meta-nav\">&rarr;<\/span><\/a><\/p>\n","protected":false},"author":1,"featured_media":0,"parent":0,"menu_order":0,"comment_status":"closed","ping_status":"closed","template":"","meta":{"footnotes":""},"class_list":["post-302","page","type-page","status-publish","hentry"],"_links":{"self":[{"href":"https:\/\/www.intergard.com.br\/pt\/index.php?rest_route=\/wp\/v2\/pages\/302","targetHints":{"allow":["GET"]}}],"collection":[{"href":"https:\/\/www.intergard.com.br\/pt\/index.php?rest_route=\/wp\/v2\/pages"}],"about":[{"href":"https:\/\/www.intergard.com.br\/pt\/index.php?rest_route=\/wp\/v2\/types\/page"}],"author":[{"embeddable":true,"href":"https:\/\/www.intergard.com.br\/pt\/index.php?rest_route=\/wp\/v2\/users\/1"}],"replies":[{"embeddable":true,"href":"https:\/\/www.intergard.com.br\/pt\/index.php?rest_route=%2Fwp%2Fv2%2Fcomments&post=302"}],"version-history":[{"count":2,"href":"https:\/\/www.intergard.com.br\/pt\/index.php?rest_route=\/wp\/v2\/pages\/302\/revisions"}],"predecessor-version":[{"id":305,"href":"https:\/\/www.intergard.com.br\/pt\/index.php?rest_route=\/wp\/v2\/pages\/302\/revisions\/305"}],"wp:attachment":[{"href":"https:\/\/www.intergard.com.br\/pt\/index.php?rest_route=%2Fwp%2Fv2%2Fmedia&parent=302"}],"curies":[{"name":"wp","href":"https:\/\/api.w.org\/{rel}","templated":true}]}}