{"id":314,"date":"2025-07-18T12:48:16","date_gmt":"2025-07-18T12:48:16","guid":{"rendered":"https:\/\/www.intergard.com.br\/pt\/?page_id=314"},"modified":"2025-07-18T12:48:16","modified_gmt":"2025-07-18T12:48:16","slug":"dynamic-log","status":"publish","type":"page","link":"https:\/\/www.intergard.com.br\/pt\/?page_id=314","title":{"rendered":"Dynamic Log"},"content":{"rendered":"<div id=\"detalhes_produtos\">\n<div class=\"font_titulo_protudo\" id=\"titulo_produto\"><a name=\"produto\" id=\"produto\"><\/a>Dynamic Log<\/div>\n<div id=\"detalhe_produto\">\n      <span class=\"font_titulo_produtos\">Fechadura Eletr\u00f4nica de Senha Rand\u00f4mica<\/span><br \/>\n\u2022 Fechadura Swingbolt<br \/>\n<a href=\"http:\/\/www.intergard.com.br\/download.htm\"><img loading=\"lazy\" decoding=\"async\" src=\"lib\/img\/bt_manual.jpg\" width=\"75\" height=\"25\" border=\"0\" \/><\/a><\/p>\n<\/p><\/div>\n<div id=\"img_produto_g\"><img loading=\"lazy\" decoding=\"async\" src=\"http:\/\/www.intergard.com.br\/pt\/wp-content\/uploads\/2025\/07\/dynamiclog.jpg\" width=\"284\" height=\"255\" \/><\/div>\n<div id=\"caracteristica_produtos\">\n      <img loading=\"lazy\" decoding=\"async\" src=\"lib\/img\/titulo_caracteristicas.jpg\" width=\"678\" height=\"59\" \/><\/p>\n<p class=\"font_conteudo_produtos\">Fechadura eletr\u00f4nica de f\u00e1cil opera\u00e7\u00e3o, adequada para o mercado de transporte de cargas, com sistema web multiusu\u00e1rio, permiss\u00f5es parametriz\u00e1veis que tem como finalidade o apoio e gerenciamento de aberturas, ativa\u00e7\u00e3o e desativa\u00e7\u00e3o de fechaduras.<\/p>\n<p>        \u2022 Baixo consumo energ\u00e9tico (dura\u00e7\u00e3o 6 meses)<br \/>\n\u2022 Abertura com senhas rand\u00f4micas e gerenciamento remoto<br \/>\n\u2022 Criptografia embarcada com as melhores pr\u00e1ticas do mercado<br \/>\n\u2022 Baixo custo de implementa\u00e7\u00e3o e gerenciamento\n<\/p>\n<\/div>\n","protected":false},"excerpt":{"rendered":"<p>Dynamic Log Fechadura Eletr\u00f4nica de Senha Rand\u00f4mica \u2022 Fechadura Swingbolt Fechadura eletr\u00f4nica de f\u00e1cil opera\u00e7\u00e3o, adequada para o mercado de transporte de cargas, com sistema web multiusu\u00e1rio, permiss\u00f5es parametriz\u00e1veis que tem como finalidade o apoio e gerenciamento de aberturas, ativa\u00e7\u00e3o &hellip; <a href=\"https:\/\/www.intergard.com.br\/pt\/?page_id=314\">Continue lendo <span class=\"meta-nav\">&rarr;<\/span><\/a><\/p>\n","protected":false},"author":1,"featured_media":0,"parent":0,"menu_order":0,"comment_status":"closed","ping_status":"closed","template":"","meta":{"footnotes":""},"class_list":["post-314","page","type-page","status-publish","hentry"],"_links":{"self":[{"href":"https:\/\/www.intergard.com.br\/pt\/index.php?rest_route=\/wp\/v2\/pages\/314","targetHints":{"allow":["GET"]}}],"collection":[{"href":"https:\/\/www.intergard.com.br\/pt\/index.php?rest_route=\/wp\/v2\/pages"}],"about":[{"href":"https:\/\/www.intergard.com.br\/pt\/index.php?rest_route=\/wp\/v2\/types\/page"}],"author":[{"embeddable":true,"href":"https:\/\/www.intergard.com.br\/pt\/index.php?rest_route=\/wp\/v2\/users\/1"}],"replies":[{"embeddable":true,"href":"https:\/\/www.intergard.com.br\/pt\/index.php?rest_route=%2Fwp%2Fv2%2Fcomments&post=314"}],"version-history":[{"count":1,"href":"https:\/\/www.intergard.com.br\/pt\/index.php?rest_route=\/wp\/v2\/pages\/314\/revisions"}],"predecessor-version":[{"id":315,"href":"https:\/\/www.intergard.com.br\/pt\/index.php?rest_route=\/wp\/v2\/pages\/314\/revisions\/315"}],"wp:attachment":[{"href":"https:\/\/www.intergard.com.br\/pt\/index.php?rest_route=%2Fwp%2Fv2%2Fmedia&parent=314"}],"curies":[{"name":"wp","href":"https:\/\/api.w.org\/{rel}","templated":true}]}}