{"id":316,"date":"2025-07-18T13:29:33","date_gmt":"2025-07-18T13:29:33","guid":{"rendered":"https:\/\/www.intergard.com.br\/pt\/?page_id=316"},"modified":"2025-07-18T13:29:33","modified_gmt":"2025-07-18T13:29:33","slug":"cadeado-eletronico","status":"publish","type":"page","link":"https:\/\/www.intergard.com.br\/pt\/?page_id=316","title":{"rendered":"Cadeado Eletr\u00f4nico"},"content":{"rendered":"<div id=\"detalhes_produtos\">\n<div class=\"font_titulo_protudo\" id=\"titulo_produto\"><a name=\"produto\" id=\"produto\"><\/a>Cadeado Eletr\u00f4nico<\/div>\n<div id=\"detalhe_produto\">\n      <span class=\"font_titulo_produtos\">Cadeado Eletr\u00f4nico Bluetooth<\/span><br \/>\n\u2022 Cadeado em a\u00e7o inoxid\u00e1vel tamanho 40 ou 60<br \/>\n<a href=\"http:\/\/www.intergard.com.br\/download.htm\"><img loading=\"lazy\" decoding=\"async\" src=\"lib\/img\/bt_manual.jpg\" width=\"75\" height=\"25\" border=\"0\" \/><\/a><\/p>\n<\/p><\/div>\n<div id=\"img_produto_g\"><img loading=\"lazy\" decoding=\"async\" src=\"http:\/\/www.intergard.com.br\/pt\/wp-content\/uploads\/2025\/07\/cadeadoeletronico.jpg\" width=\"284\" height=\"255\" \/><\/div>\n<div id=\"caracteristica_produtos\">\n      <img loading=\"lazy\" decoding=\"async\" src=\"lib\/img\/titulo_caracteristicas.jpg\" width=\"678\" height=\"59\" \/><\/p>\n<p class=\"font_conteudo_produtos\">Cadeado eletr\u00f4nico com abertura atrav\u00e9s de aplicativo para seu smartphone, trazendo maior comodidade e seguran\u00e7a a seus pertences, equipamentos, portas, entre outras aplica\u00e7\u00f5es. Com material todo em a\u00e7o inoxid\u00e1vel, seu cadeado estar\u00e1 livre de corros\u00f5es mesmo quando exposto a ambientes \u00famidos<\/p>\n<p>        <b>Features<\/b><br \/>\n        \u2022 Bluetooth 5.0 &#8211; low energy<br \/>\n\u2022 Baterias recarreg\u00e1veis, dura\u00e7\u00e3o 6 meses<br \/>\n\u2022 Sistema criptografado com as melhores praticas de mercado<\/p>\n<p>        <b>Aplicativo para smartphones Android<\/b><br \/>\n        Com o aplicativo LOGI BLE voc\u00ea consegue operar seu cadeado de maneira f\u00e1cil e intuitiva, sem deixar de lado a robustez e seguran\u00e7a que deseja ao proteger seus \u00edtens. Al\u00e9m disso, voc\u00ea pode consultar a situa\u00e7\u00e3o de bateria de seus dispositivos e outros par\u00e2metros, tudo em um s\u00f3 lugar.\n    <\/p>\n<\/div>\n","protected":false},"excerpt":{"rendered":"<p>Cadeado Eletr\u00f4nico Cadeado Eletr\u00f4nico Bluetooth \u2022 Cadeado em a\u00e7o inoxid\u00e1vel tamanho 40 ou 60 Cadeado eletr\u00f4nico com abertura atrav\u00e9s de aplicativo para seu smartphone, trazendo maior comodidade e seguran\u00e7a a seus pertences, equipamentos, portas, entre outras aplica\u00e7\u00f5es. Com material todo &hellip; <a href=\"https:\/\/www.intergard.com.br\/pt\/?page_id=316\">Continue lendo <span class=\"meta-nav\">&rarr;<\/span><\/a><\/p>\n","protected":false},"author":1,"featured_media":0,"parent":0,"menu_order":0,"comment_status":"closed","ping_status":"closed","template":"","meta":{"footnotes":""},"class_list":["post-316","page","type-page","status-publish","hentry"],"_links":{"self":[{"href":"https:\/\/www.intergard.com.br\/pt\/index.php?rest_route=\/wp\/v2\/pages\/316","targetHints":{"allow":["GET"]}}],"collection":[{"href":"https:\/\/www.intergard.com.br\/pt\/index.php?rest_route=\/wp\/v2\/pages"}],"about":[{"href":"https:\/\/www.intergard.com.br\/pt\/index.php?rest_route=\/wp\/v2\/types\/page"}],"author":[{"embeddable":true,"href":"https:\/\/www.intergard.com.br\/pt\/index.php?rest_route=\/wp\/v2\/users\/1"}],"replies":[{"embeddable":true,"href":"https:\/\/www.intergard.com.br\/pt\/index.php?rest_route=%2Fwp%2Fv2%2Fcomments&post=316"}],"version-history":[{"count":2,"href":"https:\/\/www.intergard.com.br\/pt\/index.php?rest_route=\/wp\/v2\/pages\/316\/revisions"}],"predecessor-version":[{"id":319,"href":"https:\/\/www.intergard.com.br\/pt\/index.php?rest_route=\/wp\/v2\/pages\/316\/revisions\/319"}],"wp:attachment":[{"href":"https:\/\/www.intergard.com.br\/pt\/index.php?rest_route=%2Fwp%2Fv2%2Fmedia&parent=316"}],"curies":[{"name":"wp","href":"https:\/\/api.w.org\/{rel}","templated":true}]}}