{"id":37,"date":"2012-05-17T22:16:32","date_gmt":"2012-05-17T22:16:32","guid":{"rendered":"http:\/\/www.intergard.com.br\/pt\/?page_id=37"},"modified":"2019-08-29T22:58:27","modified_gmt":"2019-08-29T22:58:27","slug":"39e80-deadbolt","status":"publish","type":"page","link":"https:\/\/www.intergard.com.br\/pt\/?page_id=37","title":{"rendered":"39E\/80 Deadbolt"},"content":{"rendered":"<div id=\"detalhes_produtos\">\n<div class=\"font_titulo_protudo\" id=\"titulo_produto\"><a name=\"produto\" id=\"produto\"><\/a>Combogard 39E\/80 Deadbolt<\/div>\n<div id=\"detalhe_produto\">\n      <span class=\"font_titulo_produtos\">Fechadura Eletr\u00f4nica <\/span><br \/>\n       \u2022 Combogard software vers\u00e3o 39E\/80, <br \/>\n        \u2022 Teclado de manta de silicone, com cabo de 36&quot; (914mm) e conex\u00e3o para  auditoria e programa\u00e7\u00e3o.<br \/>\n        \u2022 Caixa de bateria pequena ou caixa de bateria grande com ou sem placa de  alarme.<br \/>\n        \u2022 Fechadura Deadbolt.<br \/>\n        \u2022 Placa de alimenta\u00e7\u00e3o reversora via atm.<br \/>\n        \u2022 Microswitch interno de lingueta com cabos externos sempre nas cores  vermelho\/ vermelho\/ preto<br \/>\n<a href=\"http:\/\/www.intergard.com.br\/download.htm\"><img loading=\"lazy\" decoding=\"async\" src=\"lib\/img\/bt_manual.jpg\" width=\"75\" height=\"25\" border=\"0\" \/><\/a><\/p>\n<\/p><\/div>\n<div id=\"img_produto_g\"><img loading=\"lazy\" decoding=\"async\" src=\"lib\/img\/img_produto_deadbolt_39e.jpg\" width=\"284\" height=\"255\" \/><\/div>\n<div id=\"caracteristica_produtos\">\n      <img loading=\"lazy\" decoding=\"async\" src=\"lib\/img\/titulo_caracteristicas.jpg\" width=\"678\" height=\"59\" \/><\/p>\n<p class=\"font_conteudo_produtos\"> \u2022 Multiusu\u00e1rios\u00a0<br \/>\n        \u2022 Master + 9 usu\u00e1rios\u00a0<br \/>\n        \u2022 Sinal silencioso de alarme\u00a0<br \/>\n        \u2022 Bloqueio \u00e0 dist\u00e2ncia\u00a0<br \/>\n        \u2022 Retardo de 1 minuto \u00e0 99minutos\u00a0<br \/>\n        \u2022 Abertura (janela) de 1 minuto \u00e0 19 minutos\u00a0<br \/>\n        \u2022 Penaliza\u00e7\u00e3o por senhas erradas\u00a0<br \/>\n        \u2022 Auditoria dos \u00faltimo 63 eventos identificando qual usu\u00e1rio realizou abertura\u00a0<br \/>\n      \u2022 Time delay override <\/p>\n<p class=\"font_conteudo_produtos\">&nbsp;<\/p>\n<div id=\"img_produto_p\"><img loading=\"lazy\" decoding=\"async\" src=\"lib\/img\/img_p_deadbolt_39e.jpg\" width=\"163\" height=\"163\" \/><\/div>\n<\/p><\/div>\n<\/p><\/div>\n","protected":false},"excerpt":{"rendered":"<p>Combogard 39E\/80 Deadbolt Fechadura Eletr\u00f4nica \u2022 Combogard software vers\u00e3o 39E\/80, \u2022 Teclado de manta de silicone, com cabo de 36&quot; (914mm) e conex\u00e3o para auditoria e programa\u00e7\u00e3o. \u2022 Caixa de bateria pequena ou caixa de bateria grande com ou sem &hellip; <a href=\"https:\/\/www.intergard.com.br\/pt\/?page_id=37\">Continue lendo <span class=\"meta-nav\">&rarr;<\/span><\/a><\/p>\n","protected":false},"author":1,"featured_media":0,"parent":0,"menu_order":0,"comment_status":"closed","ping_status":"open","template":"","meta":{"footnotes":""},"class_list":["post-37","page","type-page","status-publish","hentry"],"_links":{"self":[{"href":"https:\/\/www.intergard.com.br\/pt\/index.php?rest_route=\/wp\/v2\/pages\/37","targetHints":{"allow":["GET"]}}],"collection":[{"href":"https:\/\/www.intergard.com.br\/pt\/index.php?rest_route=\/wp\/v2\/pages"}],"about":[{"href":"https:\/\/www.intergard.com.br\/pt\/index.php?rest_route=\/wp\/v2\/types\/page"}],"author":[{"embeddable":true,"href":"https:\/\/www.intergard.com.br\/pt\/index.php?rest_route=\/wp\/v2\/users\/1"}],"replies":[{"embeddable":true,"href":"https:\/\/www.intergard.com.br\/pt\/index.php?rest_route=%2Fwp%2Fv2%2Fcomments&post=37"}],"version-history":[{"count":14,"href":"https:\/\/www.intergard.com.br\/pt\/index.php?rest_route=\/wp\/v2\/pages\/37\/revisions"}],"predecessor-version":[{"id":192,"href":"https:\/\/www.intergard.com.br\/pt\/index.php?rest_route=\/wp\/v2\/pages\/37\/revisions\/192"}],"wp:attachment":[{"href":"https:\/\/www.intergard.com.br\/pt\/index.php?rest_route=%2Fwp%2Fv2%2Fmedia&parent=37"}],"curies":[{"name":"wp","href":"https:\/\/api.w.org\/{rel}","templated":true}]}}