{"id":43,"date":"2012-05-17T22:18:04","date_gmt":"2012-05-17T22:18:04","guid":{"rendered":"http:\/\/www.intergard.com.br\/pt\/?page_id=43"},"modified":"2019-08-29T22:58:27","modified_gmt":"2019-08-29T22:58:27","slug":"br1180-8","status":"publish","type":"page","link":"https:\/\/www.intergard.com.br\/pt\/?page_id=43","title":{"rendered":"BR11\/80-8"},"content":{"rendered":"<div id=\"detalhes_produtos\">\n<div class=\"font_titulo_protudo\" id=\"titulo_produto\"><a name=\"produto\" id=\"produto\"><\/a>Cryptogard BR11\/80-8  <\/div>\n<div id=\"detalhe_produto\">\n      <span class=\"font_titulo_produtos\">Fechadura Eletr\u00f4nica <\/span><br \/>\n\u2022 Cryptogard software vers\u00e3o BR11\/80-8<br \/>\n        \u2022 Teclado de manta de silicone, com  cabo de 36&quot; (914mm) e conex\u00e3o para auditoria e programa\u00e7\u00e3o. <br \/>\n        \u2022 Caixa de bateria pequena ou caixa de  bateria grande com ou sem placa de alarme. <br \/>\n        \u2022 Fechadura swingbolt none handed. <br \/>\n        \u2022 Placa de alimenta\u00e7\u00e3o reversora via  atm. <br \/>\n        \u2022 2 microswitches interno para log  externo com cabos sempre nas cores vermelho\/ vermelho\/ preto <br \/>\n<a href=\"http:\/\/www.intergard.com.br\/download.htm\"><img loading=\"lazy\" decoding=\"async\" src=\"lib\/img\/bt_manual.jpg\" width=\"75\" height=\"25\" border=\"0\" \/><\/a><\/p>\n<\/p><\/div>\n<div id=\"img_produto_g\"><img loading=\"lazy\" decoding=\"async\" src=\"lib\/img\/img_produto_br11_808.jpg\" width=\"284\" height=\"255\" \/><\/div>\n<div id=\"caracteristica_produtos\">\n      <img loading=\"lazy\" decoding=\"async\" src=\"lib\/img\/titulo_caracteristicas.jpg\" width=\"678\" height=\"59\" \/><\/p>\n<p class=\"font_conteudo_produtos\">\u2022 Senha din\u00e2mica <br \/>\n        \u2022 Master + manager + 2 usu\u00e1rios  est\u00e1ticos opcionais + usu\u00e1rio rand\u00f4mico (usu\u00e1rio 9) <br \/>\n        \u2022 Sinal silencioso de alarme <br \/>\n        \u2022 Bloqueio \u00e0 dist\u00e2ncia <br \/>\n        \u2022 Dupla Combina\u00e7\u00e3o<br \/>\n        \u2022 Retardo de 1 minuto \u00e0 99 minutos <br \/>\n        \u2022 Abertura (janela) de 1 minuto \u00e0 19  minutos <br \/>\n        \u2022 Penaliza\u00e7\u00e3o por senhas erradas <br \/>\n        \u2022 Auditoria dos \u00faltimo 515 eventos em  tempo real na fechadura <br \/>\n      \u2022 Auditoria em tempo real no sistema de  todas as opera\u00e7\u00f5es comandadas desde a  central  de controle (o software rand\u00f4mico a ser utilizado \u00e9 o sgslgbr)<\/p>\n<p class=\"font_conteudo_produtos\">&nbsp;<\/p>\n<div id=\"img_produto_p\"><img loading=\"lazy\" decoding=\"async\" src=\"lib\/img\/img_p_br11_808.jpg\" width=\"163\" height=\"163\" \/><\/div>\n<\/p><\/div>\n<\/p><\/div>\n","protected":false},"excerpt":{"rendered":"<p>Cryptogard BR11\/80-8 Fechadura Eletr\u00f4nica \u2022 Cryptogard software vers\u00e3o BR11\/80-8 \u2022 Teclado de manta de silicone, com cabo de 36&quot; (914mm) e conex\u00e3o para auditoria e programa\u00e7\u00e3o. \u2022 Caixa de bateria pequena ou caixa de bateria grande com ou sem placa &hellip; <a href=\"https:\/\/www.intergard.com.br\/pt\/?page_id=43\">Continue lendo <span class=\"meta-nav\">&rarr;<\/span><\/a><\/p>\n","protected":false},"author":1,"featured_media":0,"parent":0,"menu_order":0,"comment_status":"closed","ping_status":"open","template":"","meta":{"footnotes":""},"class_list":["post-43","page","type-page","status-publish","hentry"],"_links":{"self":[{"href":"https:\/\/www.intergard.com.br\/pt\/index.php?rest_route=\/wp\/v2\/pages\/43","targetHints":{"allow":["GET"]}}],"collection":[{"href":"https:\/\/www.intergard.com.br\/pt\/index.php?rest_route=\/wp\/v2\/pages"}],"about":[{"href":"https:\/\/www.intergard.com.br\/pt\/index.php?rest_route=\/wp\/v2\/types\/page"}],"author":[{"embeddable":true,"href":"https:\/\/www.intergard.com.br\/pt\/index.php?rest_route=\/wp\/v2\/users\/1"}],"replies":[{"embeddable":true,"href":"https:\/\/www.intergard.com.br\/pt\/index.php?rest_route=%2Fwp%2Fv2%2Fcomments&post=43"}],"version-history":[{"count":4,"href":"https:\/\/www.intergard.com.br\/pt\/index.php?rest_route=\/wp\/v2\/pages\/43\/revisions"}],"predecessor-version":[{"id":198,"href":"https:\/\/www.intergard.com.br\/pt\/index.php?rest_route=\/wp\/v2\/pages\/43\/revisions\/198"}],"wp:attachment":[{"href":"https:\/\/www.intergard.com.br\/pt\/index.php?rest_route=%2Fwp%2Fv2%2Fmedia&parent=43"}],"curies":[{"name":"wp","href":"https:\/\/api.w.org\/{rel}","templated":true}]}}